{"id":21,"date":"2025-02-24T12:27:14","date_gmt":"2025-02-24T11:27:14","guid":{"rendered":"https:\/\/zimmibleibt.de\/?page_id=21"},"modified":"2025-03-16T16:14:58","modified_gmt":"2025-03-16T15:14:58","slug":"ueber-uns","status":"publish","type":"page","link":"https:\/\/zimmibleibt.de\/","title":{"rendered":"\u00dcber uns"},"content":{"rendered":"\n<p>Wir sind eine Initiative, die sich Im Fr\u00fchjahr 2023 gegr\u00fcndet hat. Kontaktiere uns bei Interesse gerne \u00fcber die Mailadresse Zimmi_bleibt[at]proton.me.<\/p>\n\n\n\n<p>Das Zimmermannsche W\u00e4ldchen, kurz Zimmi, ist ein kleines Waldst\u00fcck in <a href=\"https:\/\/zimmibleibt.de\/?page_id=25\">M\u00fcnster (Kinderhaus)<\/a>. Das W\u00e4ldchen geh\u00f6rt der Firma Stroetmann, welche dort bauen m\u00f6chte. Mehr zum Wert des W\u00e4ldchens, den Bebauungspl\u00e4nen und dem (Nicht)- Verhalten von Stadt und Beh\u00f6rden gibt es <a href=\"https:\/\/zimmibleibt.de\/?page_id=23\">hier<\/a> zu lesen.<\/p>\n\n\n\n<p>Um schon vor einer m\u00f6glichen Genehmigung Fakten zu schaffen, hat Stroetmann bereits mehrfach alte B\u00e4ume im Zimmi gef\u00e4llt. Das, sowie die vollst\u00e4ndige Rodung und Durchsetzung der unsinnigen Pl\u00e4ne, werden wir in Zukunft verhindern!<\/p>\n\n\n\n<p>Zum Erhalt des W\u00e4ldchens gibt es die <a rel=\"noreferrer noopener\" aria-label=\"B\u00fcrgerinitiative Pro Zimmermannsches W\u00e4ldchen, die seit Mitte 2023 mit eigener Homepage online (\u00f6ffnet in neuem Tab)\" href=\"http:\/\/www.pro-zw.de\" target=\"_blank\">B\u00fcrgerinitiative Pro Zimmermannsches W\u00e4ldchen, die seit Mitte 2023 mit eigener Homepage online<\/a> vertreten ist. Parallel existiert diese Struktur, die den Zimmi wenn n\u00f6tig mit dem eigenen K\u00f6rper verteidigen wird. Komm vorbei und schlie\u00df dich an!<\/p>\n","protected":false},"excerpt":{"rendered":"<p>Wir sind eine Initiative, die sich Im Fr\u00fchjahr 2023 gegr\u00fcndet hat. Kontaktiere uns bei Interesse gerne \u00fcber die Mailadresse Zimmi_bleibt[at]proton.me. Das Zimmermannsche W\u00e4ldchen, kurz Zimmi, ist ein kleines Waldst\u00fcck in M\u00fcnster (Kinderhaus). Das W\u00e4ldchen geh\u00f6rt der Firma Stroetmann, welche dort bauen m\u00f6chte. Mehr zum Wert des W\u00e4ldchens, den Bebauungspl\u00e4nen und dem (Nicht)- Verhalten von Stadt [&hellip;]<\/p>\n","protected":false},"author":1,"featured_media":38,"parent":0,"menu_order":0,"comment_status":"closed","ping_status":"closed","template":"","meta":{"footnotes":""},"class_list":["post-21","page","type-page","status-publish","has-post-thumbnail","hentry"],"_links":{"self":[{"href":"https:\/\/zimmibleibt.de\/index.php?rest_route=\/wp\/v2\/pages\/21","targetHints":{"allow":["GET"]}}],"collection":[{"href":"https:\/\/zimmibleibt.de\/index.php?rest_route=\/wp\/v2\/pages"}],"about":[{"href":"https:\/\/zimmibleibt.de\/index.php?rest_route=\/wp\/v2\/types\/page"}],"author":[{"embeddable":true,"href":"https:\/\/zimmibleibt.de\/index.php?rest_route=\/wp\/v2\/users\/1"}],"replies":[{"embeddable":true,"href":"https:\/\/zimmibleibt.de\/index.php?rest_route=%2Fwp%2Fv2%2Fcomments&post=21"}],"version-history":[{"count":4,"href":"https:\/\/zimmibleibt.de\/index.php?rest_route=\/wp\/v2\/pages\/21\/revisions"}],"predecessor-version":[{"id":84,"href":"https:\/\/zimmibleibt.de\/index.php?rest_route=\/wp\/v2\/pages\/21\/revisions\/84"}],"wp:featuredmedia":[{"embeddable":true,"href":"https:\/\/zimmibleibt.de\/index.php?rest_route=\/wp\/v2\/media\/38"}],"wp:attachment":[{"href":"https:\/\/zimmibleibt.de\/index.php?rest_route=%2Fwp%2Fv2%2Fmedia&parent=21"}],"curies":[{"name":"wp","href":"https:\/\/api.w.org\/{rel}","templated":true}]}}