{"id":97,"date":"2025-03-16T16:44:59","date_gmt":"2025-03-16T15:44:59","guid":{"rendered":"https:\/\/zimmibleibt.de\/?page_id=97"},"modified":"2025-03-16T16:48:08","modified_gmt":"2025-03-16T15:48:08","slug":"sur-notre-group","status":"publish","type":"page","link":"https:\/\/zimmibleibt.de\/?page_id=97","title":{"rendered":"Sur notre groupe"},"content":{"rendered":"\n<p><br>Nous sommes un groupe qui s\u2018est form\u00e9 au printemps 2023 dans le but de prot\u00e9ger la petite for\u00eat \u201eZimmermanns Wald\u201c \u00e0 M\u00fcnster (Kinderhaus).<br>Cette petite for\u00eat appartient \u00e0 la firme Stroetmann qui voudrait y entreprendre des travaux de construction.<\/p>\n\n\n\n<p>Les textes sur ce site internet sont en allemand et nous n\u2018avons pas la possibilit\u00e9 de tout traduire. Ce texte doit \u00eatre une aide pour s\u2018y retrouver. Vous pouvez alors avoir la traduction des diff\u00e9rents textes gr\u00e2ce \u00e0 un programme appropri\u00e9.<\/p>\n\n\n\n<p>&#8211; Dans <a href=\"https:\/\/zimmibleibt.de\/\" data-type=\"page\" data-id=\"21\"><strong>\u201e\u00dcber uns\u201c<\/strong><\/a> vous trouverez plus d\u2018informations sur notre groupe.<br>&#8211; Dans <a href=\"https:\/\/zimmibleibt.de\/?page_id=25\" data-type=\"page\" data-id=\"25\">Anfahrt<\/a> est d\u00e9crit le chemin \u00e0 suivre pour arriver \u00e0 la petite for\u00eat.<br>&#8211; Sous la rubrique <a href=\"https:\/\/zimmibleibt.de\/?page_id=23\" data-type=\"page\" data-id=\"23\">\u201eZimmermannsches W\u00e4ldchen&#8220;<\/a> vous pouvez apprendre pourquoi la petite for\u00eat a de la valeur et doit \u00eatre prot\u00e9g\u00e9e ainsi que ce qui s\u2018est pass\u00e9 jusqu\u2018\u00e0 pr\u00e9sent.<\/p>\n\n\n\n<p>En r\u00e9sum\u00e9: juridiquement sa surface est une for\u00eat. De nombreux arbres qui \u00e9taient en bon \u00e9tat, dont certains avaient plus de cent ans, ont \u00e9t\u00e9 abattus. L\u2018administration concern\u00e9e ne r\u00e9agit pas suffisamment.<br>C\u2018est pourquoi nous prendrons la d\u00e9fense de la petite for\u00eat, avec notre corps si c\u2018est n\u00e9cessaire, et nous nous opposerons \u00e0 sa destruction.<\/p>\n\n\n\n<p>Si vous avez des question ou bien vous voulez vous joindre \u00e0 nous, \u00e9crivez-nous.<br>Notre adresse mail est: zimmi_bleibt[at]proton.me<\/p>\n","protected":false},"excerpt":{"rendered":"<p>Nous sommes un groupe qui s\u2018est form\u00e9 au printemps 2023 dans le but de prot\u00e9ger la petite for\u00eat \u201eZimmermanns Wald\u201c \u00e0 M\u00fcnster (Kinderhaus).Cette petite for\u00eat appartient \u00e0 la firme Stroetmann qui voudrait y entreprendre des travaux de construction. Les textes sur ce site internet sont en allemand et nous n\u2018avons pas la possibilit\u00e9 de tout [&hellip;]<\/p>\n","protected":false},"author":1,"featured_media":0,"parent":21,"menu_order":0,"comment_status":"closed","ping_status":"closed","template":"","meta":{"footnotes":""},"class_list":["post-97","page","type-page","status-publish","hentry"],"_links":{"self":[{"href":"https:\/\/zimmibleibt.de\/index.php?rest_route=\/wp\/v2\/pages\/97","targetHints":{"allow":["GET"]}}],"collection":[{"href":"https:\/\/zimmibleibt.de\/index.php?rest_route=\/wp\/v2\/pages"}],"about":[{"href":"https:\/\/zimmibleibt.de\/index.php?rest_route=\/wp\/v2\/types\/page"}],"author":[{"embeddable":true,"href":"https:\/\/zimmibleibt.de\/index.php?rest_route=\/wp\/v2\/users\/1"}],"replies":[{"embeddable":true,"href":"https:\/\/zimmibleibt.de\/index.php?rest_route=%2Fwp%2Fv2%2Fcomments&post=97"}],"version-history":[{"count":3,"href":"https:\/\/zimmibleibt.de\/index.php?rest_route=\/wp\/v2\/pages\/97\/revisions"}],"predecessor-version":[{"id":100,"href":"https:\/\/zimmibleibt.de\/index.php?rest_route=\/wp\/v2\/pages\/97\/revisions\/100"}],"up":[{"embeddable":true,"href":"https:\/\/zimmibleibt.de\/index.php?rest_route=\/wp\/v2\/pages\/21"}],"wp:attachment":[{"href":"https:\/\/zimmibleibt.de\/index.php?rest_route=%2Fwp%2Fv2%2Fmedia&parent=97"}],"curies":[{"name":"wp","href":"https:\/\/api.w.org\/{rel}","templated":true}]}}